{"id":2642,"date":"2024-12-17T12:44:03","date_gmt":"2024-12-17T10:44:03","guid":{"rendered":"https:\/\/datainfo.si\/izobrazevanja\/?page_id=2642"},"modified":"2024-12-17T13:12:44","modified_gmt":"2024-12-17T11:12:44","slug":"naslovna-stran","status":"publish","type":"page","link":"https:\/\/datainfo.si\/izobrazevanja\/","title":{"rendered":"Naslovna stran"},"content":{"rendered":"\t\t<div data-elementor-type=\"wp-page\" data-elementor-id=\"2642\" class=\"elementor elementor-2642\" data-elementor-post-type=\"page\">\n\t\t\t\t\t\t<section class=\"elementor-section elementor-top-section elementor-element elementor-element-53f89d8 elementor-section-content-middle elementor-section-height-min-height elementor-section-items-top elementor-section-boxed elementor-section-height-default\" data-id=\"53f89d8\" data-element_type=\"section\" data-e-type=\"section\" data-settings=\"{&quot;background_background&quot;:&quot;classic&quot;}\">\n\t\t\t\t\t\t\t<div class=\"elementor-background-overlay\"><\/div>\n\t\t\t\t\t\t\t<div class=\"elementor-container elementor-column-gap-wider\">\n\t\t\t\t\t<div class=\"elementor-column elementor-col-33 elementor-top-column elementor-element elementor-element-e9d6014\" data-id=\"e9d6014\" data-element_type=\"column\" data-e-type=\"column\" data-settings=\"{&quot;animation&quot;:&quot;none&quot;,&quot;animation_delay&quot;:500}\">\n\t\t\t<div class=\"elementor-widget-wrap elementor-element-populated\">\n\t\t\t\t\t\t<div class=\"elementor-element elementor-element-4c84dde elementor-widget elementor-widget-heading\" data-id=\"4c84dde\" data-element_type=\"widget\" data-e-type=\"widget\" data-settings=\"{&quot;_animation&quot;:&quot;none&quot;}\" data-widget_type=\"heading.default\">\n\t\t\t\t<div class=\"elementor-widget-container\">\n\t\t\t\t\t<h2 class=\"elementor-heading-title elementor-size-default\">Izobra\u017eevalni portal<\/h2>\t\t\t\t<\/div>\n\t\t\t\t<\/div>\n\t\t\t\t\t<\/div>\n\t\t<\/div>\n\t\t\t\t<div class=\"elementor-column elementor-col-33 elementor-top-column elementor-element elementor-element-5cbf635\" data-id=\"5cbf635\" data-element_type=\"column\" data-e-type=\"column\" data-settings=\"{&quot;background_background&quot;:&quot;classic&quot;}\">\n\t\t\t<div class=\"elementor-widget-wrap elementor-element-populated\">\n\t\t\t\t\t\t<div class=\"elementor-element elementor-element-ab52a95 elementor-widget elementor-widget-text-editor\" data-id=\"ab52a95\" data-element_type=\"widget\" data-e-type=\"widget\" data-widget_type=\"text-editor.default\">\n\t\t\t\t<div class=\"elementor-widget-container\">\n\t\t\t\t\t\t\t\t\t<p>Pri DATAINFO.SI izvajamo redna izobra\u017eevanja na podro\u010dju varstva osebnih podatkov in informacijske varnosti za organizacije in podjetja iz razli\u010dnih podro\u010dij (vzgoja in izobra\u017eevanje, zdravstvo, lekarni\u0161ka dejavnost, ob\u010dine, gospodarske dru\u017ebe, marketing &#8230;).<\/p>\n<p>Povezavo do izobra\u017eevanja, ki je namenjeno zaposlenim, ste prejeli od va\u0161ega podjetja.<\/p>\n<p>\u010ce vas zanimajo izobra\u017eevalni moduli iz varstva osebnih podatkov za <b>va\u0161e podjetje<\/b>, nas pokli\u010dite na (02) 620 43 00 ali nam pi\u0161ite na <a href=\"mailto:info@datainfo.si\">info@datainfo.si<\/a>.<\/p>\t\t\t\t\t\t\t\t<\/div>\n\t\t\t\t<\/div>\n\t\t\t\t\t<\/div>\n\t\t<\/div>\n\t\t\t\t<div class=\"elementor-column elementor-col-33 elementor-top-column elementor-element elementor-element-b70d342\" data-id=\"b70d342\" data-element_type=\"column\" data-e-type=\"column\" data-settings=\"{&quot;animation&quot;:&quot;none&quot;,&quot;animation_delay&quot;:500}\">\n\t\t\t<div class=\"elementor-widget-wrap elementor-element-populated\">\n\t\t\t\t\t\t<div class=\"elementor-element elementor-element-59681c8 elementor-widget elementor-widget-spacer\" data-id=\"59681c8\" data-element_type=\"widget\" data-e-type=\"widget\" data-widget_type=\"spacer.default\">\n\t\t\t\t<div class=\"elementor-widget-container\">\n\t\t\t\t\t\t\t<div class=\"elementor-spacer\">\n\t\t\t<div class=\"elementor-spacer-inner\"><\/div>\n\t\t<\/div>\n\t\t\t\t\t\t<\/div>\n\t\t\t\t<\/div>\n\t\t\t\t\t<\/div>\n\t\t<\/div>\n\t\t\t\t\t<\/div>\n\t\t<\/section>\n\t\t\t\t<\/div>\n\t\t","protected":false},"excerpt":{"rendered":"<p>Izobra\u017eevalni portal Pri DATAINFO.SI izvajamo redna izobra\u017eevanja na podro\u010dju varstva osebnih podatkov in informacijske varnosti za organizacije in podjetja iz razli\u010dnih podro\u010dij (vzgoja in izobra\u017eevanje, zdravstvo, lekarni\u0161ka dejavnost, ob\u010dine, gospodarske dru\u017ebe, marketing &#8230;). Povezavo do izobra\u017eevanja, ki je namenjeno zaposlenim, ste prejeli od va\u0161ega podjetja. \u010ce vas zanimajo izobra\u017eevalni moduli iz varstva osebnih podatkov za [&hellip;]<\/p>\n","protected":false},"author":1,"featured_media":0,"parent":0,"menu_order":0,"comment_status":"closed","ping_status":"closed","template":"","meta":{"footnotes":""},"class_list":["post-2642","page","type-page","status-publish","hentry"],"_links":{"self":[{"href":"https:\/\/datainfo.si\/izobrazevanja\/wp-json\/wp\/v2\/pages\/2642","targetHints":{"allow":["GET"]}}],"collection":[{"href":"https:\/\/datainfo.si\/izobrazevanja\/wp-json\/wp\/v2\/pages"}],"about":[{"href":"https:\/\/datainfo.si\/izobrazevanja\/wp-json\/wp\/v2\/types\/page"}],"author":[{"embeddable":true,"href":"https:\/\/datainfo.si\/izobrazevanja\/wp-json\/wp\/v2\/users\/1"}],"replies":[{"embeddable":true,"href":"https:\/\/datainfo.si\/izobrazevanja\/wp-json\/wp\/v2\/comments?post=2642"}],"version-history":[{"count":10,"href":"https:\/\/datainfo.si\/izobrazevanja\/wp-json\/wp\/v2\/pages\/2642\/revisions"}],"predecessor-version":[{"id":2656,"href":"https:\/\/datainfo.si\/izobrazevanja\/wp-json\/wp\/v2\/pages\/2642\/revisions\/2656"}],"wp:attachment":[{"href":"https:\/\/datainfo.si\/izobrazevanja\/wp-json\/wp\/v2\/media?parent=2642"}],"curies":[{"name":"wp","href":"https:\/\/api.w.org\/{rel}","templated":true}]}}